{"id":100,"date":"2026-01-07T12:25:01","date_gmt":"2026-01-07T11:25:01","guid":{"rendered":"https:\/\/projekt.myitplaces.pl\/?page_id=100"},"modified":"2026-02-08T19:16:03","modified_gmt":"2026-02-08T18:16:03","slug":"kontakt","status":"publish","type":"page","link":"https:\/\/projekt.myitplaces.pl\/index.php\/kontakt\/","title":{"rendered":"Kontakt"},"content":{"rendered":"\t\t<div data-elementor-type=\"wp-page\" data-elementor-id=\"100\" class=\"elementor elementor-100\">\n\t\t\t\t<div class=\"elementor-element elementor-element-2991275a e-flex e-con-boxed e-con e-parent\" data-id=\"2991275a\" data-element_type=\"container\">\n\t\t\t\t\t<div class=\"e-con-inner\">\n\t\t\t\t<div class=\"elementor-element elementor-element-5eb178c4 elementor-widget elementor-widget-text-editor\" data-id=\"5eb178c4\" data-element_type=\"widget\" data-widget_type=\"text-editor.default\">\n\t\t\t\t\t\t\t\t\t<h2 class=\"has-medium-font-size\">\u00a0<\/h2>\n<h2><!-- \/wp:paragraph --><!-- wp:paragraph {\"fontSize\":\"medium\"} --><\/h2>\n<h2 class=\"has-medium-font-size\">\ud83d\udcde: + 123 456 789<\/h2>\n<h3 class=\"has-medium-font-size\">\u2709\ufe0f :software.house@gmail.com<\/h3>\n<h5>Jeste\u015bmy dost\u0119pni od poniedzia\u0142ku do pi\u0105tku (9:00 \u2013 17:00), ale na wiadomo\u015bci wys\u0142ane przez formularz staramy si\u0119 odpowiada\u0107 w ci\u0105gu 24h.<\/h5>\n<h5>Biuro: ul. Cyfrowa 12, Biurowiec SkyTower, 00-001 Warszawa<\/h5>\n<h2><!-- \/wp:paragraph --><!-- wp:paragraph {\"fontSize\":\"medium\"} --><\/h2>\n<h2 class=\"has-medium-font-size\">\u00a0<\/h2>\n<h2><!-- \/wp:paragraph --><!-- wp:paragraph {\"fontSize\":\"medium\"} --><\/h2>\n<h2 class=\"has-medium-font-size\">\u00a0<\/h2>\n<h2><!-- \/wp:paragraph --><!-- wp:paragraph {\"fontSize\":\"medium\"} --><\/h2>\n<h2 class=\"has-medium-font-size\">\u00a0<\/h2>\n<p><!-- \/wp:paragraph --><\/p>\t\t\t\t\t\t\t\t<\/div>\n\t\t\t\t<div class=\"elementor-element elementor-element-0fbf123 elementor-widget elementor-widget-heading\" data-id=\"0fbf123\" data-element_type=\"widget\" data-widget_type=\"heading.default\">\n\t\t\t\t\t<h2 class=\"elementor-heading-title elementor-size-default\">Formularz kontaktowy<\/h2>\t\t\t\t<\/div>\n\t\t\t\t\t<\/div>\n\t\t\t\t<\/div>\n\t\t<div class=\"elementor-element elementor-element-4deb659 e-flex e-con-boxed e-con e-parent\" data-id=\"4deb659\" data-element_type=\"container\">\n\t\t\t\t\t<div class=\"e-con-inner\">\n\t\t\t\t<div class=\"elementor-element elementor-element-43462b3 elementor-widget__width-initial elementor-widget elementor-widget-wpforms\" data-id=\"43462b3\" data-element_type=\"widget\" data-widget_type=\"wpforms.default\">\n\t\t\t\t<div class=\"elementor-widget-container\">\n\t\t\t\t\t<div class=\"wpforms-container wpforms-container-full wpforms-render-modern\" id=\"wpforms-212\"><form id=\"wpforms-form-212\" class=\"wpforms-validate wpforms-form\" data-formid=\"212\" method=\"post\" enctype=\"multipart\/form-data\" action=\"\/index.php\/wp-json\/wp\/v2\/pages\/100\" data-token=\"a90fd3060649d498da1f0a7e527e71ae\" data-token-time=\"1776074496\"><noscript class=\"wpforms-error-noscript\">Aby wype\u0142ni\u0107 ten formularz, w\u0142\u0105cz obs\u0142ug\u0119 JavaScript w przegl\u0105darce.<\/noscript><div id=\"wpforms-error-noscript\" style=\"display: none;\">Aby wype\u0142ni\u0107 ten formularz, w\u0142\u0105cz obs\u0142ug\u0119 JavaScript w przegl\u0105darce.<\/div><div class=\"wpforms-field-container\"><div id=\"wpforms-212-field_1-container\" class=\"wpforms-field wpforms-field-name\" data-field-id=\"1\"><label class=\"wpforms-field-label\" for=\"wpforms-212-field_1\">Imi\u0119 i nazwisko <span class=\"wpforms-required-label\" aria-hidden=\"true\">*<\/span><\/label><input type=\"text\" id=\"wpforms-212-field_1\" class=\"wpforms-field-medium wpforms-field-required\" name=\"wpforms[fields][1]\" aria-errormessage=\"wpforms-212-field_1-error\" required><\/div><div id=\"wpforms-212-field_8-container\" class=\"wpforms-field wpforms-field-text\" data-field-id=\"8\"><label class=\"wpforms-field-label\" for=\"wpforms-212-field_8\">Numer kontaktowy <span class=\"wpforms-required-label\" aria-hidden=\"true\">*<\/span><\/label><input type=\"text\" id=\"wpforms-212-field_8\" class=\"wpforms-field-medium wpforms-field-required\" name=\"wpforms[fields][8]\" aria-errormessage=\"wpforms-212-field_8-error\" required><\/div><div id=\"wpforms-212-field_2-container\" class=\"wpforms-field wpforms-field-email\" data-field-id=\"2\"><label class=\"wpforms-field-label\" for=\"wpforms-212-field_2\">Adres e-mail <span class=\"wpforms-required-label\" aria-hidden=\"true\">*<\/span><\/label><input type=\"email\" id=\"wpforms-212-field_2\" class=\"wpforms-field-medium wpforms-field-required\" name=\"wpforms[fields][2]\" spellcheck=\"false\" aria-errormessage=\"wpforms-212-field_2-error\" required><\/div><div id=\"wpforms-212-field_4-container\" class=\"wpforms-field wpforms-field-text\" data-field-id=\"4\"><label class=\"wpforms-field-label\" for=\"wpforms-212-field_4\">Temat kontaktu (SoftWare House)<\/label><input type=\"text\" id=\"wpforms-212-field_4\" class=\"wpforms-field-medium\" name=\"wpforms[fields][4]\" aria-errormessage=\"wpforms-212-field_4-error\" ><\/div><div id=\"wpforms-212-field_5-container\" class=\"wpforms-field wpforms-field-textarea\" data-field-id=\"5\"><label class=\"wpforms-field-label\" for=\"wpforms-212-field_5\">Wiadomo\u015b\u0107 do SoftWare House<\/label><textarea id=\"wpforms-212-field_5\" class=\"wpforms-field-small\" name=\"wpforms[fields][5]\" aria-errormessage=\"wpforms-212-field_5-error\" ><\/textarea><\/div>\t\t<div id=\"wpforms-212-field_3-container\"\n\t\t\tclass=\"wpforms-field wpforms-field-text\"\n\t\t\tdata-field-type=\"text\"\n\t\t\tdata-field-id=\"3\"\n\t\t\t>\n\t\t\t<label class=\"wpforms-field-label\" for=\"wpforms-212-field_3\" >SoftWare RODO dotyczy<\/label>\n\t\t\t<input type=\"text\" id=\"wpforms-212-field_3\" class=\"wpforms-field-medium\" name=\"wpforms[fields][3]\" >\n\t\t<\/div>\n\t\t<div id=\"wpforms-212-field_7-container\" class=\"wpforms-field wpforms-field-select wpforms-field-select-style-classic\" data-field-id=\"7\"><label class=\"wpforms-field-label\" for=\"wpforms-212-field_7\">Jakiego rodzaju oprogramowania dotyczy zapytanie?<\/label><select id=\"wpforms-212-field_7\" class=\"wpforms-field-medium\" name=\"wpforms[fields][7]\"><option value=\"Aplikacja webowa\"  class=\"choice-1 depth-1\"  >Aplikacja webowa<\/option><option value=\"Aplikacja mobilna\"  class=\"choice-2 depth-1\"  >Aplikacja mobilna<\/option><option value=\"System \/ backend \/ API\"  class=\"choice-3 depth-1\"  >System \/ backend \/ API<\/option><option value=\"Inne \/ jeszcze nie wiem\"  class=\"choice-4 depth-1\"  >Inne \/ jeszcze nie wiem<\/option><\/select><\/div><div id=\"wpforms-212-field_9-container\" class=\"wpforms-field wpforms-field-textarea\" data-field-id=\"9\"><label class=\"wpforms-field-label\" for=\"wpforms-212-field_9\">Zgoda RODO <span class=\"wpforms-required-label\" aria-hidden=\"true\">*<\/span><\/label><textarea id=\"wpforms-212-field_9\" class=\"wpforms-field-small wpforms-field-required\" name=\"wpforms[fields][9]\" placeholder=\"&quot;Wyra\u017cam zgod\u0119 na przetwarzanie moich danych osobowych w celu obs\u0142ugi zapytania oraz przedstawienia oferty handlowej. Administratorem danych jest SoftWare House. Akceptuj\u0119 warunki przetwarzania danych i Polityk\u0119 Prywatno\u015bci.&quot; \" aria-errormessage=\"wpforms-212-field_9-error\" required>&quot;Wyra\u017cam zgod\u0119 na przetwarzanie moich danych osobowych w celu obs\u0142ugi zapytania oraz przedstawienia oferty handlowej. Administratorem danych jest SoftWare House. Akceptuj\u0119 warunki przetwarzania danych i Polityk\u0119 Prywatno\u015bci.&quot;<\/textarea><\/div><script>\n\t\t\t\t( function() {\n\t\t\t\t\tconst style = document.createElement( 'style' );\n\t\t\t\t\tstyle.appendChild( document.createTextNode( '#wpforms-212-field_3-container { position: absolute !important; overflow: hidden !important; display: inline !important; height: 1px !important; width: 1px !important; z-index: -1000 !important; padding: 0 !important; } #wpforms-212-field_3-container input { visibility: hidden; } #wpforms-conversational-form-page #wpforms-212-field_3-container label { counter-increment: none; }' ) );\n\t\t\t\t\tdocument.head.appendChild( style );\n\t\t\t\t\tdocument.currentScript?.remove();\n\t\t\t\t} )();\n\t\t\t<\/script><\/div><!-- .wpforms-field-container --><div class=\"wpforms-submit-container\" ><input type=\"hidden\" name=\"wpforms[id]\" value=\"212\"><input type=\"hidden\" name=\"page_title\" value=\"\"><input type=\"hidden\" name=\"page_url\" value=\"https:\/\/projekt.myitplaces.pl\/index.php\/wp-json\/wp\/v2\/pages\/100\"><input type=\"hidden\" name=\"url_referer\" value=\"\"><button type=\"submit\" name=\"wpforms[submit]\" id=\"wpforms-submit-212\" class=\"wpforms-submit\" data-alt-text=\"Wysy\u0142anie...\" data-submit-text=\"Wy\u015blij\" aria-live=\"assertive\" value=\"wpforms-submit\">Wy\u015blij<\/button><\/div><\/form><\/div>  <!-- .wpforms-container -->\t\t\t\t<\/div>\n\t\t\t\t<\/div>\n\t\t\t\t\t<\/div>\n\t\t\t\t<\/div>\n\t\t\t\t<\/div>\n\t\t","protected":false},"excerpt":{"rendered":"<p>\u00a0 &#x1f4de;: + 123 456 789 &#x2709;&#xfe0f; :software.house@gmail.com Jeste\u015bmy dost\u0119pni od poniedzia\u0142ku do pi\u0105tku (9:00 \u2013 17:00), ale na wiadomo\u015bci wys\u0142ane przez formularz staramy si\u0119 odpowiada\u0107 w ci\u0105gu 24h. Biuro: ul. Cyfrowa 12, Biurowiec SkyTower, 00-001 Warszawa \u00a0 \u00a0 \u00a0 Formularz kontaktowy Aby wype\u0142ni\u0107 ten formularz, w\u0142\u0105cz obs\u0142ug\u0119 JavaScript w przegl\u0105darce.Aby wype\u0142ni\u0107 ten formularz, w\u0142\u0105cz&hellip;&nbsp;<a href=\"https:\/\/projekt.myitplaces.pl\/index.php\/kontakt\/\" rel=\"bookmark\"><span class=\"screen-reader-text\">Kontakt<\/span><\/a><\/p>\n","protected":false},"author":1,"featured_media":0,"parent":0,"menu_order":0,"comment_status":"closed","ping_status":"closed","template":"","meta":{"neve_meta_sidebar":"","neve_meta_container":"","neve_meta_enable_content_width":"","neve_meta_content_width":0,"neve_meta_title_alignment":"","neve_meta_author_avatar":"","neve_post_elements_order":"","neve_meta_disable_header":"","neve_meta_disable_footer":"","neve_meta_disable_title":"","footnotes":""},"class_list":["post-100","page","type-page","status-publish","hentry"],"_links":{"self":[{"href":"https:\/\/projekt.myitplaces.pl\/index.php\/wp-json\/wp\/v2\/pages\/100","targetHints":{"allow":["GET"]}}],"collection":[{"href":"https:\/\/projekt.myitplaces.pl\/index.php\/wp-json\/wp\/v2\/pages"}],"about":[{"href":"https:\/\/projekt.myitplaces.pl\/index.php\/wp-json\/wp\/v2\/types\/page"}],"author":[{"embeddable":true,"href":"https:\/\/projekt.myitplaces.pl\/index.php\/wp-json\/wp\/v2\/users\/1"}],"replies":[{"embeddable":true,"href":"https:\/\/projekt.myitplaces.pl\/index.php\/wp-json\/wp\/v2\/comments?post=100"}],"version-history":[{"count":25,"href":"https:\/\/projekt.myitplaces.pl\/index.php\/wp-json\/wp\/v2\/pages\/100\/revisions"}],"predecessor-version":[{"id":397,"href":"https:\/\/projekt.myitplaces.pl\/index.php\/wp-json\/wp\/v2\/pages\/100\/revisions\/397"}],"wp:attachment":[{"href":"https:\/\/projekt.myitplaces.pl\/index.php\/wp-json\/wp\/v2\/media?parent=100"}],"curies":[{"name":"wp","href":"https:\/\/api.w.org\/{rel}","templated":true}]}}