{"id":103,"date":"2026-01-07T12:28:53","date_gmt":"2026-01-07T11:28:53","guid":{"rendered":"https:\/\/projekt.myitplaces.pl\/?page_id=103"},"modified":"2026-02-10T17:27:10","modified_gmt":"2026-02-10T16:27:10","slug":"misja-i-wartosci-firmy","status":"publish","type":"page","link":"https:\/\/projekt.myitplaces.pl\/index.php\/misja-i-wartosci-firmy\/","title":{"rendered":"Misja i warto\u015bci firmy"},"content":{"rendered":"\t\t<div data-elementor-type=\"wp-page\" data-elementor-id=\"103\" class=\"elementor elementor-103\">\n\t\t\t\t<div class=\"elementor-element elementor-element-390b2cff e-flex e-con-boxed e-con e-parent\" data-id=\"390b2cff\" data-element_type=\"container\">\n\t\t\t\t\t<div class=\"e-con-inner\">\n\t\t\t\t<div class=\"elementor-element elementor-element-66388a29 elementor-widget elementor-widget-text-editor\" data-id=\"66388a29\" data-element_type=\"widget\" data-widget_type=\"text-editor.default\">\n\t\t\t\t\t\t\t\t\t<h5><b data-path-to-node=\"5,0\" data-index-in-node=\"0\">Nasza Misja:<\/b> Dostarczamy technologi\u0119, kt\u00f3ra realnie wspiera rozw\u00f3j biznesu. Tworzymy intuicyjne i bezpieczne aplikacje mobilne, kt\u00f3re zamieniaj\u0105 wizje naszych klient\u00f3w w sukces rynkowy, dbaj\u0105c o najwy\u017csz\u0105 jako\u015b\u0107 kodu i satysfakcj\u0119 u\u017cytkownik\u00f3w ko\u0144cowych.<\/h5><h5><strong>Nasze warto\u015bci:\u00a0<\/strong><\/h5><h5 data-path-to-node=\"9\"><b data-path-to-node=\"9\" data-index-in-node=\"0\">I. Partnerstwo zamiast zwyk\u0142ych zlece\u0144<\/b><\/h5><p data-path-to-node=\"10\">Nie tylko piszemy kod \u2013 wchodzimy w g\u0142\u0105b Twojego biznesu. Doradzamy, kwestionujemy i szukamy rozwi\u0105za\u0144, kt\u00f3re przynios\u0105 Ci najwi\u0119kszy zwrot z inwestycji (ROI). Tw\u00f3j sukces jest miar\u0105 naszej pracy.<\/p><h5 data-path-to-node=\"11\"><b data-path-to-node=\"11\" data-index-in-node=\"0\">II. Transparentno\u015b\u0107 i Komunikacja<\/b><\/h5><p data-path-to-node=\"12\">Wierzymy w jasne zasady. Pracujemy w zwinnych metodologiach (Scrum\/Agile), co oznacza, \u017ce masz sta\u0142y podgl\u0105d na post\u0119py prac. Brak ukrytych koszt\u00f3w i pe\u0142na przejrzysto\u015b\u0107 proces\u00f3w to u nas standard.<\/p><h5 data-path-to-node=\"13\"><b data-path-to-node=\"13\" data-index-in-node=\"0\">III. Bezpiecze\u0144stwo klasy Enterprise<\/b><\/h5><p data-path-to-node=\"14\">W dobie cyfrowych zagro\u017ce\u0144 nie uznajemy kompromis\u00f3w. Ka\u017cda linijka kodu jest pisana z my\u015bl\u0105 o ochronie danych. Stosujemy najlepsze praktyki chmurowe (AWS\/Azure) i dbamy o pe\u0142n\u0105 zgodno\u015b\u0107 z normami bezpiecze\u0144stwa.<\/p><h5 data-path-to-node=\"15\"><b data-path-to-node=\"15\" data-index-in-node=\"0\">IV. Pasja do Innowacji<\/b><\/h5><p data-path-to-node=\"16\">Technologia zmienia si\u0119 codziennie, a my razem z ni\u0105. Nieustannie testujemy nowe frameworki i rozwi\u0105zania (AI, Flutter, Cloud Native), aby dostarcza\u0107 naszym klientom przewag\u0119 konkurencyjn\u0105 ju\u017c na starcie.<\/p><p><!-- \/wp:paragraph --><!-- wp:paragraph --><\/p><p><!-- \/wp:paragraph --><\/p>\t\t\t\t\t\t\t\t<\/div>\n\t\t\t\t\t<\/div>\n\t\t\t\t<\/div>\n\t\t\t\t<\/div>\n\t\t","protected":false},"excerpt":{"rendered":"<p>Nasza Misja: Dostarczamy technologi\u0119, kt\u00f3ra realnie wspiera rozw\u00f3j biznesu. Tworzymy intuicyjne i bezpieczne aplikacje mobilne, kt\u00f3re zamieniaj\u0105 wizje naszych klient\u00f3w w sukces rynkowy, dbaj\u0105c o najwy\u017csz\u0105 jako\u015b\u0107 kodu i satysfakcj\u0119 u\u017cytkownik\u00f3w ko\u0144cowych. Nasze warto\u015bci:\u00a0 I. Partnerstwo zamiast zwyk\u0142ych zlece\u0144 Nie tylko piszemy kod \u2013 wchodzimy w g\u0142\u0105b Twojego biznesu. Doradzamy, kwestionujemy i szukamy rozwi\u0105za\u0144, kt\u00f3re&hellip;&nbsp;<a href=\"https:\/\/projekt.myitplaces.pl\/index.php\/misja-i-wartosci-firmy\/\" rel=\"bookmark\"><span class=\"screen-reader-text\">Misja i warto\u015bci firmy<\/span><\/a><\/p>\n","protected":false},"author":1,"featured_media":0,"parent":0,"menu_order":0,"comment_status":"closed","ping_status":"closed","template":"","meta":{"neve_meta_sidebar":"","neve_meta_container":"","neve_meta_enable_content_width":"","neve_meta_content_width":0,"neve_meta_title_alignment":"","neve_meta_author_avatar":"","neve_post_elements_order":"","neve_meta_disable_header":"","neve_meta_disable_footer":"","neve_meta_disable_title":"","footnotes":""},"class_list":["post-103","page","type-page","status-publish","hentry"],"_links":{"self":[{"href":"https:\/\/projekt.myitplaces.pl\/index.php\/wp-json\/wp\/v2\/pages\/103","targetHints":{"allow":["GET"]}}],"collection":[{"href":"https:\/\/projekt.myitplaces.pl\/index.php\/wp-json\/wp\/v2\/pages"}],"about":[{"href":"https:\/\/projekt.myitplaces.pl\/index.php\/wp-json\/wp\/v2\/types\/page"}],"author":[{"embeddable":true,"href":"https:\/\/projekt.myitplaces.pl\/index.php\/wp-json\/wp\/v2\/users\/1"}],"replies":[{"embeddable":true,"href":"https:\/\/projekt.myitplaces.pl\/index.php\/wp-json\/wp\/v2\/comments?post=103"}],"version-history":[{"count":16,"href":"https:\/\/projekt.myitplaces.pl\/index.php\/wp-json\/wp\/v2\/pages\/103\/revisions"}],"predecessor-version":[{"id":414,"href":"https:\/\/projekt.myitplaces.pl\/index.php\/wp-json\/wp\/v2\/pages\/103\/revisions\/414"}],"wp:attachment":[{"href":"https:\/\/projekt.myitplaces.pl\/index.php\/wp-json\/wp\/v2\/media?parent=103"}],"curies":[{"name":"wp","href":"https:\/\/api.w.org\/{rel}","templated":true}]}}