{"id":191,"date":"2026-01-20T20:14:17","date_gmt":"2026-01-20T19:14:17","guid":{"rendered":"https:\/\/projekt.myitplaces.pl\/?p=191"},"modified":"2026-02-10T17:29:07","modified_gmt":"2026-02-10T16:29:07","slug":"twoja-wizja-nasz-kod-tworzymy-mobilna-przyszlosc","status":"publish","type":"page","link":"https:\/\/projekt.myitplaces.pl\/","title":{"rendered":""},"content":{"rendered":"\t\t<div data-elementor-type=\"wp-post\" data-elementor-id=\"191\" class=\"elementor elementor-191\">\n\t\t\t\t<div class=\"elementor-element elementor-element-57d6854 e-flex e-con-boxed e-con e-parent\" data-id=\"57d6854\" data-element_type=\"container\">\n\t\t\t\t\t<div class=\"e-con-inner\">\n\t\t<div class=\"elementor-element elementor-element-6e0ae39 e-con-full e-flex e-con e-child\" data-id=\"6e0ae39\" data-element_type=\"container\">\n\t\t\t\t<div class=\"elementor-element elementor-element-f21250e elementor-widget elementor-widget-image\" data-id=\"f21250e\" data-element_type=\"widget\" data-widget_type=\"image.default\">\n\t\t\t\t\t\t\t\t\t\t\t\t\t\t\t<img fetchpriority=\"high\" decoding=\"async\" width=\"768\" height=\"777\" src=\"https:\/\/projekt.myitplaces.pl\/wp-content\/uploads\/2026\/01\/Zrzut-ekranu-2026-01-30-163308-768x777.png\" class=\"attachment-medium_large size-medium_large wp-image-235\" alt=\"\" srcset=\"https:\/\/projekt.myitplaces.pl\/wp-content\/uploads\/2026\/01\/Zrzut-ekranu-2026-01-30-163308-768x777.png 768w, https:\/\/projekt.myitplaces.pl\/wp-content\/uploads\/2026\/01\/Zrzut-ekranu-2026-01-30-163308-297x300.png 297w, https:\/\/projekt.myitplaces.pl\/wp-content\/uploads\/2026\/01\/Zrzut-ekranu-2026-01-30-163308-1012x1024.png 1012w, https:\/\/projekt.myitplaces.pl\/wp-content\/uploads\/2026\/01\/Zrzut-ekranu-2026-01-30-163308.png 1019w\" sizes=\"(max-width: 768px) 100vw, 768px\" \/>\t\t\t\t\t\t\t\t\t\t\t\t\t\t\t<\/div>\n\t\t\t\t<\/div>\n\t\t\t\t<div class=\"elementor-element elementor-element-e0c06e1 elementor-widget elementor-widget-text-editor\" data-id=\"e0c06e1\" data-element_type=\"widget\" data-widget_type=\"text-editor.default\">\n\t\t\t\t\t\t\t\t\t<h4>Projektujemy i wdra\u017camy rozwi\u0105zania mobilne, kt\u00f3re zmieniaj\u0105 spos\u00f3b, w jaki \u015bwiat korzysta z technologii. <b data-path-to-node=\"11,0\" data-index-in-node=\"107\">Przekonaj si\u0119, jak przekuli\u015bmy wizje naszych klient\u00f3w w gotowe produkty.<\/b><\/h4>\t\t\t\t\t\t\t\t<\/div>\n\t\t\t\t<div class=\"elementor-element elementor-element-94fe549 elementor-button-info elementor-align-center elementor-widget elementor-widget-button\" data-id=\"94fe549\" data-element_type=\"widget\" data-widget_type=\"button.default\">\n\t\t\t\t\t\t\t\t\t\t<a class=\"elementor-button elementor-button-link elementor-size-sm\" href=\"https:\/\/projekt.myitplaces.pl\/index.php\/portfolio\/\">\n\t\t\t\t\t\t<span class=\"elementor-button-content-wrapper\">\n\t\t\t\t\t\t<span class=\"elementor-button-icon\">\n\t\t\t\t<svg aria-hidden=\"true\" class=\"e-font-icon-svg e-fas-arrow-circle-right\" viewBox=\"0 0 512 512\" xmlns=\"http:\/\/www.w3.org\/2000\/svg\"><path d=\"M256 8c137 0 248 111 248 248S393 504 256 504 8 393 8 256 119 8 256 8zm-28.9 143.6l75.5 72.4H120c-13.3 0-24 10.7-24 24v16c0 13.3 10.7 24 24 24h182.6l-75.5 72.4c-9.7 9.3-9.9 24.8-.4 34.3l11 10.9c9.4 9.4 24.6 9.4 33.9 0L404.3 273c9.4-9.4 9.4-24.6 0-33.9L271.6 106.3c-9.4-9.4-24.6-9.4-33.9 0l-11 10.9c-9.5 9.6-9.3 25.1.4 34.4z\"><\/path><\/svg>\t\t\t<\/span>\n\t\t\t\t\t\t\t\t\t<span class=\"elementor-button-text\">Zobacz nasze realizacje<\/span>\n\t\t\t\t\t<\/span>\n\t\t\t\t\t<\/a>\n\t\t\t\t\t\t\t\t<\/div>\n\t\t\t\t\t<\/div>\n\t\t\t\t<\/div>\n\t\t<div class=\"elementor-element elementor-element-ac033a2 e-grid e-con-boxed e-con e-parent\" data-id=\"ac033a2\" data-element_type=\"container\">\n\t\t\t\t\t<div class=\"e-con-inner\">\n\t\t\t\t<div class=\"elementor-element elementor-element-54eb091 elementor-widget elementor-widget-text-editor\" data-id=\"54eb091\" data-element_type=\"widget\" data-widget_type=\"text-editor.default\">\n\t\t\t\t\t\t\t\t\t<h5><strong>Bezpiecze\u0144stwo klasy korporacyjnej i skalowalno\u015b\u0107<\/strong><\/h5><p>Bezpiecze\u0144stwo klasy korporacyjnej.<br \/>Twoje dane i prywatno\u015b\u0107 u\u017cytkownik\u00f3w s\u0105 naszym priorytetem. Projektujemy architektur\u0119 opart\u0105 na bezpiecznych rozwi\u0105zaniach chmurowych (AWS\/Azure), zapewniaj\u0105c pe\u0142ne szyfrowanie, skalowalno\u015b\u0107 i zgodno\u015b\u0107 z RODO<\/p>\t\t\t\t\t\t\t\t<\/div>\n\t\t\t\t<div class=\"elementor-element elementor-element-9f2764f elementor-widget elementor-widget-image\" data-id=\"9f2764f\" data-element_type=\"widget\" data-widget_type=\"image.default\">\n\t\t\t\t\t\t\t\t\t\t\t\t\t\t\t<img decoding=\"async\" width=\"768\" height=\"772\" src=\"https:\/\/projekt.myitplaces.pl\/wp-content\/uploads\/2026\/01\/Zrzut-ekranu-2026-01-30-160507-768x772.png\" class=\"attachment-medium_large size-medium_large wp-image-226\" alt=\"\" srcset=\"https:\/\/projekt.myitplaces.pl\/wp-content\/uploads\/2026\/01\/Zrzut-ekranu-2026-01-30-160507-768x772.png 768w, https:\/\/projekt.myitplaces.pl\/wp-content\/uploads\/2026\/01\/Zrzut-ekranu-2026-01-30-160507-150x150.png 150w, https:\/\/projekt.myitplaces.pl\/wp-content\/uploads\/2026\/01\/Zrzut-ekranu-2026-01-30-160507.png 1018w\" sizes=\"(max-width: 768px) 100vw, 768px\" \/>\t\t\t\t\t\t\t\t\t\t\t\t\t\t\t<\/div>\n\t\t\t\t\t<\/div>\n\t\t\t\t<\/div>\n\t\t<div class=\"elementor-element elementor-element-c59cb3c e-grid e-con-boxed e-con e-parent\" data-id=\"c59cb3c\" data-element_type=\"container\">\n\t\t\t\t\t<div class=\"e-con-inner\">\n\t\t\t\t<div class=\"elementor-element elementor-element-1d67baf elementor-widget elementor-widget-image\" data-id=\"1d67baf\" data-element_type=\"widget\" data-widget_type=\"image.default\">\n\t\t\t\t\t\t\t\t\t\t\t\t\t\t\t<img decoding=\"async\" width=\"768\" height=\"770\" src=\"https:\/\/projekt.myitplaces.pl\/wp-content\/uploads\/2026\/01\/Zrzut-ekranu-2026-01-30-155027-768x770.png\" class=\"attachment-medium_large size-medium_large wp-image-227\" alt=\"\" srcset=\"https:\/\/projekt.myitplaces.pl\/wp-content\/uploads\/2026\/01\/Zrzut-ekranu-2026-01-30-155027-768x770.png 768w, https:\/\/projekt.myitplaces.pl\/wp-content\/uploads\/2026\/01\/Zrzut-ekranu-2026-01-30-155027-300x300.png 300w, https:\/\/projekt.myitplaces.pl\/wp-content\/uploads\/2026\/01\/Zrzut-ekranu-2026-01-30-155027-150x150.png 150w, https:\/\/projekt.myitplaces.pl\/wp-content\/uploads\/2026\/01\/Zrzut-ekranu-2026-01-30-155027-e1769785694562.png 999w\" sizes=\"(max-width: 768px) 100vw, 768px\" \/>\t\t\t\t\t\t\t\t\t\t\t\t\t\t\t<\/div>\n\t\t\t\t<div class=\"elementor-element elementor-element-4fd537d elementor-widget elementor-widget-text-editor\" data-id=\"4fd537d\" data-element_type=\"widget\" data-widget_type=\"text-editor.default\">\n\t\t\t\t\t\t\t\t\t<h5><strong>Rozwi\u0105zania Natywne i Cross-platformowe (Technologia)<\/strong><\/h5><p data-path-to-node=\"8,0,0\">Precyzyjne dopasowanie technologii.<\/p><p data-path-to-node=\"8,0,0\">Tworzymy wydajne aplikacje natywne (iOS\/Android) oraz rozwi\u0105zania cross-platformowe (np. Flutter), kt\u00f3re optymalizuj\u0105 koszty przy zachowaniu najwy\u017cszej p\u0142ynno\u015bci dzia\u0142ania. Dobieramy narz\u0119dzia tak, by Tw\u00f3j produkt by\u0142 gotowy na miliony u\u017cytkownik\u00f3w.<\/p>\t\t\t\t\t\t\t\t<\/div>\n\t\t\t\t\t<\/div>\n\t\t\t\t<\/div>\n\t\t<div class=\"elementor-element elementor-element-0c53520 e-grid e-con-boxed e-con e-parent\" data-id=\"0c53520\" data-element_type=\"container\">\n\t\t\t\t\t<div class=\"e-con-inner\">\n\t\t\t\t<div class=\"elementor-element elementor-element-d587bc2 elementor-widget elementor-widget-text-editor\" data-id=\"d587bc2\" data-element_type=\"widget\" data-widget_type=\"text-editor.default\">\n\t\t\t\t\t\t\t\t\t<h5>UX\/UI Design &amp; Product Growth<\/h5>\n<p>Kod to nie wszystko. Projektujemy intuicyjne interfejsy (UI) i do\u015bwiadczenia u\u017cytkownika (UX), kt\u00f3re sprawiaj\u0105, \u017ce klienci kochaj\u0105 wraca\u0107 do Twojej aplikacji. Pomagamy nie tylko zbudowa\u0107 produkt, ale i zaplanowa\u0107 jego rozw\u00f3j na rynku.<\/p>\t\t\t\t\t\t\t\t<\/div>\n\t\t\t\t<div class=\"elementor-element elementor-element-5e84d32 elementor-widget elementor-widget-image\" data-id=\"5e84d32\" data-element_type=\"widget\" data-widget_type=\"image.default\">\n\t\t\t\t\t\t\t\t\t\t\t\t\t\t\t<img loading=\"lazy\" decoding=\"async\" width=\"768\" height=\"513\" src=\"https:\/\/projekt.myitplaces.pl\/wp-content\/uploads\/2026\/01\/representations-user-experience-interface-design-768x513.jpg\" class=\"attachment-medium_large size-medium_large wp-image-193\" alt=\"\" srcset=\"https:\/\/projekt.myitplaces.pl\/wp-content\/uploads\/2026\/01\/representations-user-experience-interface-design-768x513.jpg 768w, https:\/\/projekt.myitplaces.pl\/wp-content\/uploads\/2026\/01\/representations-user-experience-interface-design-300x200.jpg 300w, https:\/\/projekt.myitplaces.pl\/wp-content\/uploads\/2026\/01\/representations-user-experience-interface-design-1024x684.jpg 1024w, https:\/\/projekt.myitplaces.pl\/wp-content\/uploads\/2026\/01\/representations-user-experience-interface-design-1536x1025.jpg 1536w, https:\/\/projekt.myitplaces.pl\/wp-content\/uploads\/2026\/01\/representations-user-experience-interface-design-2048x1367.jpg 2048w, https:\/\/projekt.myitplaces.pl\/wp-content\/uploads\/2026\/01\/representations-user-experience-interface-design-930x620.jpg 930w\" sizes=\"(max-width: 768px) 100vw, 768px\" \/>\t\t\t\t\t\t\t\t\t\t\t\t\t\t\t<\/div>\n\t\t\t\t\t<\/div>\n\t\t\t\t<\/div>\n\t\t<div class=\"elementor-element elementor-element-3688f4f e-flex e-con-boxed e-con e-parent\" data-id=\"3688f4f\" data-element_type=\"container\">\n\t\t\t\t\t<div class=\"e-con-inner\">\n\t\t\t\t<div class=\"elementor-element elementor-element-297d730 elementor-widget elementor-widget-image\" data-id=\"297d730\" data-element_type=\"widget\" data-widget_type=\"image.default\">\n\t\t\t\t\t\t\t\t\t\t\t\t\t\t\t<img loading=\"lazy\" decoding=\"async\" width=\"300\" height=\"204\" src=\"https:\/\/projekt.myitplaces.pl\/wp-content\/uploads\/2026\/02\/Gemini_Generated_Image_a2oq3ga2oq3ga2oq-e1770467260399-300x204.png\" class=\"attachment-medium size-medium wp-image-325\" alt=\"\" srcset=\"https:\/\/projekt.myitplaces.pl\/wp-content\/uploads\/2026\/02\/Gemini_Generated_Image_a2oq3ga2oq3ga2oq-e1770467260399-300x204.png 300w, https:\/\/projekt.myitplaces.pl\/wp-content\/uploads\/2026\/02\/Gemini_Generated_Image_a2oq3ga2oq3ga2oq-e1770467260399-768x522.png 768w, https:\/\/projekt.myitplaces.pl\/wp-content\/uploads\/2026\/02\/Gemini_Generated_Image_a2oq3ga2oq3ga2oq-e1770467260399.png 1024w\" sizes=\"(max-width: 300px) 100vw, 300px\" \/>\t\t\t\t\t\t\t\t\t\t\t\t\t\t\t<\/div>\n\t\t\t\t\t<\/div>\n\t\t\t\t<\/div>\n\t\t<div class=\"elementor-element elementor-element-983b163 e-grid e-con-boxed e-con e-parent\" data-id=\"983b163\" data-element_type=\"container\" data-settings=\"{&quot;background_background&quot;:&quot;gradient&quot;}\">\n\t\t\t\t\t<div class=\"e-con-inner\">\n\t\t\t\t<div class=\"elementor-element elementor-element-e81dec5 elementor-widget elementor-widget-text-editor\" data-id=\"e81dec5\" data-element_type=\"widget\" data-widget_type=\"text-editor.default\">\n\t\t\t\t\t\t\t\t\t<p><b>&#8222;Partner godny zaufania.&#8221;<\/b> &#8222;To ju\u017c nasz trzeci wsp\u00f3lny projekt i po raz kolejny wszystko przebieg\u0142o zgodnie z harmonogramem. Najbardziej cenimy u Soft Tw\u00f3rc\u00f3w jasn\u0105 komunikacj\u0119 i to, \u017ce zawsze trzymaj\u0105 r\u0119k\u0119 na pulsie bezpiecze\u0144stwa danych. Je\u015bli szukasz software house\u2019u, kt\u00f3ry dowiezie projekt na czas \u2013 nie musisz szuka\u0107 dalej.&#8221;<\/p><p data-path-to-node=\"9,1\"><em><b data-path-to-node=\"9,1\" data-index-in-node=\"0\">\u2014 Robert Nowak, CEO w EduSmart Solutions<\/b><\/em><\/p>\t\t\t\t\t\t\t\t<\/div>\n\t\t\t\t<div class=\"elementor-element elementor-element-22bb226 elementor-widget elementor-widget-text-editor\" data-id=\"22bb226\" data-element_type=\"widget\" data-widget_type=\"text-editor.default\">\n\t\t\t\t\t\t\t\t\t<p><b>&#8222;Aplikacja, kt\u00f3r\u0105 nasi klienci po prostu kochaj\u0105.&#8221;<\/b> &#8222;Soft Tw\u00f3rcy to nie tylko programi\u015bci, to przede wszystkim \u015bwietni projektanci. Przygotowany przez nich UX\/UI sprawi\u0142, \u017ce nasza aplikacja do rezerwacji trening\u00f3w sta\u0142a si\u0119 hitem w App Store w ci\u0105gu pierwszego miesi\u0105ca. Intuicyjno\u015b\u0107 i dba\u0142o\u015b\u0107 o detale wizualne s\u0105 u nich na najwy\u017cszym poziomie.&#8221;<\/p><p data-path-to-node=\"6,1\"><em><b data-path-to-node=\"6,1\" data-index-in-node=\"0\">\u2014 Anna Kowalska, W\u0142a\u015bcicielka sieci klub\u00f3w FitLife<\/b><\/em><\/p>\t\t\t\t\t\t\t\t<\/div>\n\t\t\t\t<div class=\"elementor-element elementor-element-522eb70 elementor-widget elementor-widget-text-editor\" data-id=\"522eb70\" data-element_type=\"widget\" data-widget_type=\"text-editor.default\">\n\t\t\t\t\t\t\t\t\t<p><b>&#8222;Profesjonalizm w ka\u017cdym bicie.&#8221;<\/b> &#8222;Wsp\u00f3\u0142praca z Soft Tw\u00f3rcy przy budowie naszej aplikacji logistycznej by\u0142a strza\u0142em w dziesi\u0105tk\u0119. Zesp\u00f3\u0142 nie tylko dostarczy\u0142 czysty, stabilny kod, ale te\u017c zaproponowa\u0142 rozwi\u0105zania cross-platformowe, kt\u00f3re pozwoli\u0142y nam zaoszcz\u0119dzi\u0107 30% bud\u017cetu przewidzianego na start. Polecam ka\u017cdemu, kto szuka realnej wiedzy technicznej, a nie tylko obietnic.&#8221;<\/p><p data-path-to-node=\"3,1\"><em><b data-path-to-node=\"3,1\" data-index-in-node=\"0\">\u2014 Marek Wi\u015bniewski, CTO w LogiTrans<\/b><\/em><\/p>\t\t\t\t\t\t\t\t<\/div>\n\t\t\t\t\t<\/div>\n\t\t\t\t<\/div>\n\t\t\t\t<\/div>\n\t\t","protected":false},"excerpt":{"rendered":"<p>Projektujemy i wdra\u017camy rozwi\u0105zania mobilne, kt\u00f3re zmieniaj\u0105 spos\u00f3b, w jaki \u015bwiat korzysta z technologii. Przekonaj si\u0119, jak przekuli\u015bmy wizje naszych klient\u00f3w w gotowe produkty. Zobacz nasze realizacje Bezpiecze\u0144stwo klasy korporacyjnej i skalowalno\u015b\u0107 Bezpiecze\u0144stwo klasy korporacyjnej.Twoje dane i prywatno\u015b\u0107 u\u017cytkownik\u00f3w s\u0105 naszym priorytetem. Projektujemy architektur\u0119 opart\u0105 na bezpiecznych rozwi\u0105zaniach chmurowych (AWS\/Azure), zapewniaj\u0105c pe\u0142ne szyfrowanie, skalowalno\u015b\u0107 i&hellip;&nbsp;<a href=\"https:\/\/projekt.myitplaces.pl\/\" rel=\"bookmark\"><span class=\"screen-reader-text\"><\/span><\/a><\/p>\n","protected":false},"author":1,"featured_media":0,"parent":0,"menu_order":0,"comment_status":"closed","ping_status":"open","template":"","meta":{"neve_meta_sidebar":"","neve_meta_container":"","neve_meta_enable_content_width":"","neve_meta_content_width":0,"neve_meta_title_alignment":"","neve_meta_author_avatar":"","neve_post_elements_order":"","neve_meta_disable_header":"","neve_meta_disable_footer":"","neve_meta_disable_title":"","footnotes":""},"class_list":["post-191","page","type-page","status-publish","hentry"],"_links":{"self":[{"href":"https:\/\/projekt.myitplaces.pl\/index.php\/wp-json\/wp\/v2\/pages\/191","targetHints":{"allow":["GET"]}}],"collection":[{"href":"https:\/\/projekt.myitplaces.pl\/index.php\/wp-json\/wp\/v2\/pages"}],"about":[{"href":"https:\/\/projekt.myitplaces.pl\/index.php\/wp-json\/wp\/v2\/types\/page"}],"author":[{"embeddable":true,"href":"https:\/\/projekt.myitplaces.pl\/index.php\/wp-json\/wp\/v2\/users\/1"}],"replies":[{"embeddable":true,"href":"https:\/\/projekt.myitplaces.pl\/index.php\/wp-json\/wp\/v2\/comments?post=191"}],"version-history":[{"count":98,"href":"https:\/\/projekt.myitplaces.pl\/index.php\/wp-json\/wp\/v2\/pages\/191\/revisions"}],"predecessor-version":[{"id":417,"href":"https:\/\/projekt.myitplaces.pl\/index.php\/wp-json\/wp\/v2\/pages\/191\/revisions\/417"}],"wp:attachment":[{"href":"https:\/\/projekt.myitplaces.pl\/index.php\/wp-json\/wp\/v2\/media?parent=191"}],"curies":[{"name":"wp","href":"https:\/\/api.w.org\/{rel}","templated":true}]}}