{"id":32,"date":"2025-12-12T15:52:19","date_gmt":"2025-12-12T14:52:19","guid":{"rendered":"https:\/\/projekt.myitplaces.pl\/?page_id=32"},"modified":"2026-02-10T17:42:53","modified_gmt":"2026-02-10T16:42:53","slug":"32-2","status":"publish","type":"page","link":"https:\/\/projekt.myitplaces.pl\/index.php\/32-2\/","title":{"rendered":"Czym si\u0119 zajmujemy?"},"content":{"rendered":"\t\t<div data-elementor-type=\"wp-page\" data-elementor-id=\"32\" class=\"elementor elementor-32\">\n\t\t\t\t<div class=\"elementor-element elementor-element-5c2a909 e-flex e-con-boxed e-con e-parent\" data-id=\"5c2a909\" data-element_type=\"container\">\n\t\t\t\t\t<div class=\"e-con-inner\">\n\t\t\t\t<div class=\"elementor-element elementor-element-5bdd2d27 elementor-widget elementor-widget-text-editor\" data-id=\"5bdd2d27\" data-element_type=\"widget\" data-widget_type=\"text-editor.default\">\n\t\t\t\t\t\t\t\t\t<h5>Tworzymy wysokiej jako\u015bci aplikacje mobilne, kt\u00f3re pomagaj\u0105 firmom szybciej si\u0119 rozwija\u0107, zdobywa\u0107 klient\u00f3w i budowa\u0107 przewag\u0119 konkurencyjn\u0105. \u0141\u0105czymy do\u015bwiadczenie technologiczne, dopracowany design i przemy\u015blan\u0105 strategi\u0119, aby dostarcza\u0107 rozwi\u0105zania skrojone dok\u0142adnie pod potrzeby Twojego biznesu.<br \/>Pracujemy kompleksowo \u2013 od analizy i prototypowania, przez development, a\u017c po wdro\u017cenie i d\u0142ugoterminowe wsparcie.<\/h5>\n<p><!-- \/wp:paragraph --><!-- wp:image {\"id\":48,\"width\":\"921px\",\"height\":\"auto\",\"aspectRatio\":\"1.250320425680662\",\"sizeSlug\":\"large\",\"linkDestination\":\"none\",\"align\":\"center\"} --><\/p>\n<figure class=\"wp-block-image aligncenter size-large is-resized\"><\/figure>\n<p><!-- \/wp:image --><!-- wp:paragraph --><\/p>\n<p><!-- \/wp:paragraph --><\/p>\t\t\t\t\t\t\t\t<\/div>\n\t\t\t\t\t<\/div>\n\t\t\t\t<\/div>\n\t\t<div class=\"elementor-element elementor-element-6315924 e-flex e-con-boxed e-con e-parent\" data-id=\"6315924\" data-element_type=\"container\">\n\t\t\t\t\t<div class=\"e-con-inner\">\n\t\t\t\t<div class=\"elementor-element elementor-element-a1ffd01 elementor-widget elementor-widget-image\" data-id=\"a1ffd01\" data-element_type=\"widget\" data-widget_type=\"image.default\">\n\t\t\t\t\t\t\t\t\t\t\t\t\t\t\t<img fetchpriority=\"high\" decoding=\"async\" width=\"515\" height=\"502\" src=\"https:\/\/projekt.myitplaces.pl\/wp-content\/uploads\/2026\/01\/Zrzut-ekranu-2026-01-30-161120.png\" class=\"attachment-full size-full wp-image-229\" alt=\"\" srcset=\"https:\/\/projekt.myitplaces.pl\/wp-content\/uploads\/2026\/01\/Zrzut-ekranu-2026-01-30-161120.png 515w, https:\/\/projekt.myitplaces.pl\/wp-content\/uploads\/2026\/01\/Zrzut-ekranu-2026-01-30-161120-300x292.png 300w\" sizes=\"(max-width: 515px) 100vw, 515px\" \/>\t\t\t\t\t\t\t\t\t\t\t\t\t\t\t<\/div>\n\t\t\t\t\t<\/div>\n\t\t\t\t<\/div>\n\t\t\t\t<\/div>\n\t\t","protected":false},"excerpt":{"rendered":"<p>Tworzymy wysokiej jako\u015bci aplikacje mobilne, kt\u00f3re pomagaj\u0105 firmom szybciej si\u0119 rozwija\u0107, zdobywa\u0107 klient\u00f3w i budowa\u0107 przewag\u0119 konkurencyjn\u0105. \u0141\u0105czymy do\u015bwiadczenie technologiczne, dopracowany design i przemy\u015blan\u0105 strategi\u0119, aby dostarcza\u0107 rozwi\u0105zania skrojone dok\u0142adnie pod potrzeby Twojego biznesu.Pracujemy kompleksowo \u2013 od analizy i prototypowania, przez development, a\u017c po wdro\u017cenie i d\u0142ugoterminowe wsparcie.<\/p>\n","protected":false},"author":1,"featured_media":0,"parent":0,"menu_order":0,"comment_status":"closed","ping_status":"closed","template":"","meta":{"neve_meta_sidebar":"","neve_meta_container":"","neve_meta_enable_content_width":"","neve_meta_content_width":0,"neve_meta_title_alignment":"","neve_meta_author_avatar":"","neve_post_elements_order":"","neve_meta_disable_header":"","neve_meta_disable_footer":"","neve_meta_disable_title":"","footnotes":""},"class_list":["post-32","page","type-page","status-publish","hentry"],"_links":{"self":[{"href":"https:\/\/projekt.myitplaces.pl\/index.php\/wp-json\/wp\/v2\/pages\/32","targetHints":{"allow":["GET"]}}],"collection":[{"href":"https:\/\/projekt.myitplaces.pl\/index.php\/wp-json\/wp\/v2\/pages"}],"about":[{"href":"https:\/\/projekt.myitplaces.pl\/index.php\/wp-json\/wp\/v2\/types\/page"}],"author":[{"embeddable":true,"href":"https:\/\/projekt.myitplaces.pl\/index.php\/wp-json\/wp\/v2\/users\/1"}],"replies":[{"embeddable":true,"href":"https:\/\/projekt.myitplaces.pl\/index.php\/wp-json\/wp\/v2\/comments?post=32"}],"version-history":[{"count":23,"href":"https:\/\/projekt.myitplaces.pl\/index.php\/wp-json\/wp\/v2\/pages\/32\/revisions"}],"predecessor-version":[{"id":429,"href":"https:\/\/projekt.myitplaces.pl\/index.php\/wp-json\/wp\/v2\/pages\/32\/revisions\/429"}],"wp:attachment":[{"href":"https:\/\/projekt.myitplaces.pl\/index.php\/wp-json\/wp\/v2\/media?parent=32"}],"curies":[{"name":"wp","href":"https:\/\/api.w.org\/{rel}","templated":true}]}}