{"id":56,"date":"2026-01-05T16:10:39","date_gmt":"2026-01-05T15:10:39","guid":{"rendered":"https:\/\/projekt.myitplaces.pl\/?page_id=56"},"modified":"2026-02-07T13:51:03","modified_gmt":"2026-02-07T12:51:03","slug":"polityka-cookies","status":"publish","type":"page","link":"https:\/\/projekt.myitplaces.pl\/index.php\/polityka-cookies\/","title":{"rendered":"Polityka cookies"},"content":{"rendered":"\t\t<div data-elementor-type=\"wp-page\" data-elementor-id=\"56\" class=\"elementor elementor-56\">\n\t\t\t\t<div class=\"elementor-element elementor-element-942417 e-flex e-con-boxed e-con e-parent\" data-id=\"942417\" data-element_type=\"container\">\n\t\t\t\t\t<div class=\"e-con-inner\">\n\t\t\t\t<div class=\"elementor-element elementor-element-417a918d elementor-widget elementor-widget-text-editor\" data-id=\"417a918d\" data-element_type=\"widget\" data-widget_type=\"text-editor.default\">\n\t\t\t\t\t\t\t\t\t\n<h4 class=\"wp-block-heading has-black-color has-text-color has-link-color wp-elements-f7f9c85d2af89fe7684c7021501b06d8\">1. Czym s\u0105 pliki cookies<\/h4>\n\n<p class=\"has-black-color has-text-color has-link-color wp-elements-081c5058618d8c96f3506b4d08039932\">Cookies to niewielkie pliki zapisywane w urz\u0105dzeniu u\u017cytkownika, kt\u00f3re s\u0142u\u017c\u0105 do zapewnienia prawid\u0142owego dzia\u0142ania strony oraz analizy ruchu.<\/p>\n\n<h4 class=\"wp-block-heading has-black-color has-text-color has-link-color wp-elements-b972cbc36ab61a64c8b45e2ae76bf3a3\">2. Jakie cookies stosujemy<\/h4>\n\n<p class=\"has-black-color has-text-color has-link-color wp-elements-dd2a0eae0fddb71c9021226eb2db28fc\">Na stronie mog\u0105 by\u0107 u\u017cywane:<\/p>\n\n<ul class=\"wp-block-list\">\n<li class=\"has-black-color has-text-color has-link-color wp-elements-6f73a1f5983c4b71b1b94072723da33f\">cookies techniczne \u2013 niezb\u0119dne do dzia\u0142ania strony,<\/li>\n\n<li class=\"has-black-color has-text-color has-link-color wp-elements-44616fd762fcdbe849af198ca31a9b07\">cookies analityczne\/statystyczne (np. Google Analytics),<\/li>\n\n<li class=\"has-black-color has-text-color has-link-color wp-elements-d54225ae3bd45d41b7d027e19510eef5\">cookies funkcjonalne \u2013 zapami\u0119tuj\u0105ce preferencje u\u017cytkownika.<\/li>\n<\/ul>\n\n<p class=\"has-black-color has-text-color has-link-color wp-elements-509cb88e148d6bc83d7d7d9325059d92\">Cookies nie s\u0142u\u017c\u0105 do identyfikowania u\u017cytkownik\u00f3w.<\/p>\n\n<h4 class=\"wp-block-heading has-black-color has-text-color has-link-color wp-elements-fc98f115aaed7b296a588502431c19be\">3. Cel wykorzystywania cookies<\/h4>\n\n<p class=\"has-black-color has-text-color has-link-color wp-elements-fc7aaf2261cc0d00f2b5210f2dc277dd\">Pliki cookies stosujemy w celu:<\/p>\n\n<ul class=\"wp-block-list\">\n<li class=\"has-black-color has-text-color has-link-color wp-elements-af63811a380271e220a8566b1ab24a19\">poprawnego dzia\u0142ania strony,<\/li>\n\n<li class=\"has-black-color has-text-color has-link-color wp-elements-048a5a01682bd8c09fbce2f62fc4d546\">analizy ruchu i statystyki odwiedzin,<\/li>\n\n<li class=\"has-black-color has-text-color has-link-color wp-elements-381b7527bbe4dd00e8fe06ff15c224f8\">poprawy jako\u015bci us\u0142ug i wygody korzystania ze strony.<\/li>\n<\/ul>\n\n<h4 class=\"wp-block-heading\">4. Zarz\u0105dzanie cookies<\/h4>\n\n<p class=\"has-black-color has-text-color has-link-color wp-elements-d62decfbd8a3bc74313d6d884e8ad6eb\">U\u017cytkownik mo\u017ce zmieni\u0107 ustawienia cookies w swojej przegl\u0105darce lub je usun\u0105\u0107.<br \/>Wy\u0142\u0105czenie plik\u00f3w cookies mo\u017ce wp\u0142yn\u0105\u0107 na poprawne dzia\u0142anie niekt\u00f3rych funkcji strony.<\/p>\n\n<h4 class=\"wp-block-heading\">5. Zmiany polityki prywatno\u015bci<\/h4>\n\n<p class=\"has-black-color has-text-color has-link-color wp-elements-d7fdefbdacdb4f6cb9238de63ccce571\">Administrator zastrzega sobie prawo do wprowadzania zmian w Polityce Prywatno\u015bci.<br \/>Aktualna wersja dokumentu jest publikowana na stronie internetowej.<\/p>\n\n<h4 class=\"wp-block-heading\">6. Kontakt w sprawach danych osobowych<\/h4>\n\n<p class=\"has-black-color has-text-color has-link-color wp-elements-85ccb5e21f39184529d8cee7568aa2ef\">W przypadku pyta\u0144 dotycz\u0105cych przetwarzania danych:<br \/><strong><a>kontakt@softtworcy.pl<\/a><\/strong><\/p>\n\n<p>\u00a0<\/p>\n\t\t\t\t\t\t\t\t<\/div>\n\t\t\t\t\t<\/div>\n\t\t\t\t<\/div>\n\t\t\t\t<\/div>\n\t\t","protected":false},"excerpt":{"rendered":"<p>1. Czym s\u0105 pliki cookies Cookies to niewielkie pliki zapisywane w urz\u0105dzeniu u\u017cytkownika, kt\u00f3re s\u0142u\u017c\u0105 do zapewnienia prawid\u0142owego dzia\u0142ania strony oraz analizy ruchu. 2. Jakie cookies stosujemy Na stronie mog\u0105 by\u0107 u\u017cywane: Cookies nie s\u0142u\u017c\u0105 do identyfikowania u\u017cytkownik\u00f3w. 3. Cel wykorzystywania cookies Pliki cookies stosujemy w celu: 4. Zarz\u0105dzanie cookies U\u017cytkownik mo\u017ce zmieni\u0107 ustawienia cookies&hellip;&nbsp;<a href=\"https:\/\/projekt.myitplaces.pl\/index.php\/polityka-cookies\/\" rel=\"bookmark\"><span class=\"screen-reader-text\">Polityka cookies<\/span><\/a><\/p>\n","protected":false},"author":1,"featured_media":0,"parent":0,"menu_order":0,"comment_status":"closed","ping_status":"closed","template":"","meta":{"neve_meta_sidebar":"","neve_meta_container":"","neve_meta_enable_content_width":"","neve_meta_content_width":0,"neve_meta_title_alignment":"","neve_meta_author_avatar":"","neve_post_elements_order":"","neve_meta_disable_header":"","neve_meta_disable_footer":"","neve_meta_disable_title":"","footnotes":""},"class_list":["post-56","page","type-page","status-publish","hentry"],"_links":{"self":[{"href":"https:\/\/projekt.myitplaces.pl\/index.php\/wp-json\/wp\/v2\/pages\/56","targetHints":{"allow":["GET"]}}],"collection":[{"href":"https:\/\/projekt.myitplaces.pl\/index.php\/wp-json\/wp\/v2\/pages"}],"about":[{"href":"https:\/\/projekt.myitplaces.pl\/index.php\/wp-json\/wp\/v2\/types\/page"}],"author":[{"embeddable":true,"href":"https:\/\/projekt.myitplaces.pl\/index.php\/wp-json\/wp\/v2\/users\/1"}],"replies":[{"embeddable":true,"href":"https:\/\/projekt.myitplaces.pl\/index.php\/wp-json\/wp\/v2\/comments?post=56"}],"version-history":[{"count":9,"href":"https:\/\/projekt.myitplaces.pl\/index.php\/wp-json\/wp\/v2\/pages\/56\/revisions"}],"predecessor-version":[{"id":342,"href":"https:\/\/projekt.myitplaces.pl\/index.php\/wp-json\/wp\/v2\/pages\/56\/revisions\/342"}],"wp:attachment":[{"href":"https:\/\/projekt.myitplaces.pl\/index.php\/wp-json\/wp\/v2\/media?parent=56"}],"curies":[{"name":"wp","href":"https:\/\/api.w.org\/{rel}","templated":true}]}}