{"id":58,"date":"2026-01-05T16:15:52","date_gmt":"2026-01-05T15:15:52","guid":{"rendered":"https:\/\/projekt.myitplaces.pl\/?page_id=58"},"modified":"2026-02-08T18:07:07","modified_gmt":"2026-02-08T17:07:07","slug":"uslugi","status":"publish","type":"page","link":"https:\/\/projekt.myitplaces.pl\/index.php\/uslugi\/","title":{"rendered":"Nasza oferta"},"content":{"rendered":"\t\t<div data-elementor-type=\"wp-page\" data-elementor-id=\"58\" class=\"elementor elementor-58\">\n\t\t\t\t<div class=\"elementor-element elementor-element-3d058d9a e-flex e-con-boxed e-con e-parent\" data-id=\"3d058d9a\" data-element_type=\"container\">\n\t\t\t\t\t<div class=\"e-con-inner\">\n\t\t\t\t<div class=\"elementor-element elementor-element-6d459ed1 elementor-widget elementor-widget-text-editor\" data-id=\"6d459ed1\" data-element_type=\"widget\" data-widget_type=\"text-editor.default\">\n\t\t\t\t\t\t\t\t\t<h4>Software &amp; Consulting\u00a0<\/h4>\n<h3 class=\"wp-block-heading has-medium-font-size\"><strong>Tworzenie dedykowanego oprogramowania (na zam\u00f3wienie)<\/strong><\/h3>\n<!-- \/wp:heading --><!-- wp:list -->\n<ul class=\"wp-block-list\"><!-- wp:list-item {\"fontSize\":\"medium\"} -->\n<li class=\"has-medium-font-size\">aplikacje webowe i mobilne<\/li>\n<!-- \/wp:list-item --><!-- wp:list-item {\"fontSize\":\"medium\"} -->\n<li class=\"has-medium-font-size\">systemy biznesowe (CRM, ERP, systemy rezerwacji)<\/li>\n<!-- \/wp:list-item --><!-- wp:list-item {\"fontSize\":\"medium\"} -->\n<li class=\"has-medium-font-size\">platformy e-commerce, portale, panele administracyjne<\/li>\n<!-- \/wp:list-item --><!-- wp:list-item {\"fontSize\":\"medium\"} -->\n<li class=\"has-medium-font-size\">oprogramowanie automatyzuj\u0105ce procesy w firmie<\/li>\n<!-- \/wp:list-item --><\/ul>\n<!-- \/wp:list --><!-- wp:heading {\"level\":3,\"fontSize\":\"medium\"} -->\n<h3 class=\"wp-block-heading has-medium-font-size\"><strong>Projektowanie aplikacji mobilnych<\/strong><\/h3>\n<!-- \/wp:heading --><!-- wp:list -->\n<ul class=\"wp-block-list\"><!-- wp:list-item {\"fontSize\":\"medium\"} -->\n<li class=\"has-medium-font-size\">aplikacje na Android \/ iOS<\/li>\n<!-- \/wp:list-item --><!-- wp:list-item {\"fontSize\":\"medium\"} -->\n<li class=\"has-medium-font-size\">aplikacje hybrydowe \/ cross-platform<\/li>\n<!-- \/wp:list-item --><!-- wp:list-item {\"fontSize\":\"medium\"} -->\n<li class=\"has-medium-font-size\">wdro\u017cenie, testowanie, utrzymanie<\/li>\n<!-- \/wp:list-item --><\/ul>\n<!-- \/wp:list --><!-- wp:heading {\"level\":3,\"fontSize\":\"medium\"} -->\n<h3 class=\"wp-block-heading has-medium-font-size\"><strong> Integracje system\u00f3w<\/strong><\/h3>\n<!-- \/wp:heading --><!-- wp:list -->\n<ul class=\"wp-block-list\"><!-- wp:list-item {\"fontSize\":\"medium\"} -->\n<li class=\"has-medium-font-size\">po\u0142\u0105czenia API<\/li>\n<!-- \/wp:list-item --><!-- wp:list-item {\"fontSize\":\"medium\"} -->\n<li class=\"has-medium-font-size\">integracje z p\u0142atno\u015bciami, magazynem, fakturami<\/li>\n<!-- \/wp:list-item --><!-- wp:list-item {\"fontSize\":\"medium\"} -->\n<li class=\"has-medium-font-size\">synchronizacja danych mi\u0119dzy r\u00f3\u017cnymi systemami<\/li>\n<!-- \/wp:list-item --><\/ul>\n<!-- \/wp:list --><!-- wp:heading {\"level\":3,\"fontSize\":\"medium\"} -->\n<h3 class=\"wp-block-heading has-medium-font-size\"><strong> Utrzymanie i rozw\u00f3j istniej\u0105cego oprogramowania<\/strong><\/h3>\n<!-- \/wp:heading --><!-- wp:list -->\n<ul class=\"wp-block-list\"><!-- wp:list-item {\"fontSize\":\"medium\"} -->\n<li class=\"has-medium-font-size\">aktualizacje, poprawki, wsparcie techniczne<\/li>\n<!-- \/wp:list-item --><!-- wp:list-item {\"fontSize\":\"medium\"} -->\n<li class=\"has-medium-font-size\">hosting i administracja serwer\u00f3w<\/li>\n<!-- \/wp:list-item --><!-- wp:list-item {\"fontSize\":\"medium\"} -->\n<li class=\"has-medium-font-size\">monitoring bezpiecze\u0144stwa<\/li>\n<!-- \/wp:list-item --><\/ul>\n<!-- \/wp:list --><!-- wp:heading {\"level\":3,\"fontSize\":\"medium\"} -->\n<h3 class=\"wp-block-heading has-medium-font-size\"><strong>Projektowanie UX\/UI i prototypowanie<\/strong><\/h3>\n<!-- \/wp:heading --><!-- wp:list -->\n<ul class=\"wp-block-list\"><!-- wp:list-item {\"fontSize\":\"medium\"} -->\n<li class=\"has-medium-font-size\">makiety, prototypy, projekt interfejs\u00f3w<\/li>\n<!-- \/wp:list-item --><!-- wp:list-item {\"fontSize\":\"medium\"} -->\n<li class=\"has-medium-font-size\">badania u\u017cyteczno\u015bci<\/li>\n<!-- \/wp:list-item --><\/ul>\n<!-- \/wp:list --><!-- wp:heading {\"level\":3,\"fontSize\":\"medium\"} -->\n<h3 class=\"wp-block-heading has-medium-font-size\"><strong> Konsulting technologiczny \/ audyty IT<\/strong><\/h3>\n<!-- \/wp:heading --><!-- wp:list -->\n<ul class=\"wp-block-list\"><!-- wp:list-item {\"fontSize\":\"medium\"} -->\n<li class=\"has-medium-font-size\">doradztwo w wyborze technologii<\/li>\n<!-- \/wp:list-item --><!-- wp:list-item {\"fontSize\":\"medium\"} -->\n<li class=\"has-medium-font-size\">analiza system\u00f3w i optymalizacja proces\u00f3w<\/li>\n<!-- \/wp:list-item --><!-- wp:list-item {\"fontSize\":\"medium\"} -->\n<li class=\"has-medium-font-size\">wsparcie przy wdro\u017ceniach IT<\/li>\n<!-- \/wp:list-item --><\/ul>\n<!-- \/wp:list --><!-- wp:heading {\"level\":3} -->\n<h5 class=\"wp-block-heading\"><strong>Automatyzacja i rozwi\u0105zania chmurowe<\/strong><\/h5>\n<!-- \/wp:heading --><!-- wp:list {\"fontSize\":\"medium\"} -->\n<ul class=\"wp-block-list has-medium-font-size\"><!-- wp:list-item -->\n<li>narz\u0119dzia automatyzuj\u0105ce prac\u0119<\/li>\n<!-- \/wp:list-item --><!-- wp:list-item -->\n<li>migracja do chmury<\/li>\n<!-- \/wp:list-item --><!-- wp:list-item -->\n<li>DevOps \/ CI\/CD<\/li>\n<!-- \/wp:list-item --><\/ul>\n<h4>Oprogramowania<\/h4>\n<p><strong>A) Produkty gotowe<\/strong><\/p>\n<ul>\n<li>np. system rezerwacji, CRM, modu\u0142 sprzeda\u017cy<\/li>\n<li>klient kupuje <strong>licencj\u0119<\/strong> lub <strong>wersj\u0119 pude\u0142kow\u0105 \/ cyfrow\u0105<\/strong><\/li>\n<li>Inwestuj raz i korzystaj bez ogranicze\u0144. Oferujemy sprawdzone systemy (CRM, modu\u0142y sprzeda\u017cy, rezerwacje), kt\u00f3re wdra\u017camy b\u0142yskawicznie w Twojej infrastrukturze. Otrzymujesz pe\u0142n\u0105 licencj\u0119 na oprogramowanie, przejmuj\u0105c kontrol\u0119 nad swoimi danymi i kosztami bez konieczno\u015bci op\u0142acania sta\u0142ych abonament\u00f3w.<\/li>\n<li><strong>B) Systemy SaaS<\/strong><\/li>\n<\/ul>\n<ul>\n<li>p\u0142atno\u015b\u0107 miesi\u0119czna \/ roczna<\/li>\n<li>logowanie przez przegl\u0105dark\u0119<\/li>\n<li>np. platforma do zarz\u0105dzania projektami<\/li>\n<li>Skaluj sw\u00f3j biznes bez barier technologicznych. Nasze platformy w modelu abonamentowym to dost\u0119p do najnowszych funkcji z dowolnego miejsca na \u015bwiecie przez przegl\u0105dark\u0119. My dbamy o serwery, bezpiecze\u0144stwo i aktualizacje, a Ty skupiasz si\u0119 na dzia\u0142aniu, p\u0142ac\u0105c tylko za to, czego realnie potrzebujesz.<\/li>\n<li><strong>C) White Label\u00a0<\/strong><\/li>\n<\/ul>\n<ul>\n<li>to samo oprogramowanie sprzedawane wielu firmom<\/li>\n<li>dostosowane logo, kolory, elementy wizualne<\/li>\n<li>Oszcz\u0119d\u017a czas i bud\u017cet na development od zera. Dostarczamy gotowy, stabilny system, kt\u00f3ry w pe\u0142ni personalizujemy pod Twoj\u0105 identyfikacj\u0119 wizualn\u0105. Otrzymujesz produkt premium z Twoim logo i kolorami, gotowy do natychmiastowego oferowania Twoim klientom jako autorskie rozwi\u0105zanie.<\/li>\n<li><strong>D) Rozszerzenia i modu\u0142y\u00a0<\/strong><\/li>\n<\/ul>\n<ul>\n<li>dodatkowe funkcje<\/li>\n<li>integracje p\u0142atne jako pakiety<\/li>\n<li>Rozwijaj mo\u017cliwo\u015bci system\u00f3w, kt\u00f3rych ju\u017c u\u017cywasz. Projektujemy i wdra\u017camy dodatkowe funkcje oraz bezpieczne integracje, kt\u00f3re eliminuj\u0105 w\u0105skie gard\u0142a w Twojej firmie. Zwi\u0119ksz wydajno\u015b\u0107 swojego oprogramowania dzi\u0119ki pakietom dopasowanym do specyfiki Twojego biznesu.<\/li>\n<\/ul>\n<p>\u00a0<\/p>\n<p>\u00a0<\/p>\n<!-- \/wp:list -->\t\t\t\t\t\t\t\t<\/div>\n\t\t\t\t\t<\/div>\n\t\t\t\t<\/div>\n\t\t\t\t<\/div>\n\t\t","protected":false},"excerpt":{"rendered":"<p>Software &amp; Consulting\u00a0 Tworzenie dedykowanego oprogramowania (na zam\u00f3wienie) aplikacje webowe i mobilne systemy biznesowe (CRM, ERP, systemy rezerwacji) platformy e-commerce, portale, panele administracyjne oprogramowanie automatyzuj\u0105ce procesy w firmie Projektowanie aplikacji mobilnych aplikacje na Android \/ iOS aplikacje hybrydowe \/ cross-platform wdro\u017cenie, testowanie, utrzymanie Integracje system\u00f3w po\u0142\u0105czenia API integracje z p\u0142atno\u015bciami, magazynem, fakturami synchronizacja danych mi\u0119dzy&hellip;&nbsp;<a href=\"https:\/\/projekt.myitplaces.pl\/index.php\/uslugi\/\" rel=\"bookmark\"><span class=\"screen-reader-text\">Nasza oferta<\/span><\/a><\/p>\n","protected":false},"author":1,"featured_media":0,"parent":0,"menu_order":0,"comment_status":"closed","ping_status":"closed","template":"","meta":{"neve_meta_sidebar":"","neve_meta_container":"","neve_meta_enable_content_width":"","neve_meta_content_width":0,"neve_meta_title_alignment":"","neve_meta_author_avatar":"","neve_post_elements_order":"","neve_meta_disable_header":"","neve_meta_disable_footer":"","neve_meta_disable_title":"","footnotes":""},"class_list":["post-58","page","type-page","status-publish","hentry"],"_links":{"self":[{"href":"https:\/\/projekt.myitplaces.pl\/index.php\/wp-json\/wp\/v2\/pages\/58","targetHints":{"allow":["GET"]}}],"collection":[{"href":"https:\/\/projekt.myitplaces.pl\/index.php\/wp-json\/wp\/v2\/pages"}],"about":[{"href":"https:\/\/projekt.myitplaces.pl\/index.php\/wp-json\/wp\/v2\/types\/page"}],"author":[{"embeddable":true,"href":"https:\/\/projekt.myitplaces.pl\/index.php\/wp-json\/wp\/v2\/users\/1"}],"replies":[{"embeddable":true,"href":"https:\/\/projekt.myitplaces.pl\/index.php\/wp-json\/wp\/v2\/comments?post=58"}],"version-history":[{"count":13,"href":"https:\/\/projekt.myitplaces.pl\/index.php\/wp-json\/wp\/v2\/pages\/58\/revisions"}],"predecessor-version":[{"id":362,"href":"https:\/\/projekt.myitplaces.pl\/index.php\/wp-json\/wp\/v2\/pages\/58\/revisions\/362"}],"wp:attachment":[{"href":"https:\/\/projekt.myitplaces.pl\/index.php\/wp-json\/wp\/v2\/media?parent=58"}],"curies":[{"name":"wp","href":"https:\/\/api.w.org\/{rel}","templated":true}]}}